{"id":14,"date":"2021-06-24T18:47:16","date_gmt":"2021-06-24T16:47:16","guid":{"rendered":"http:\/\/vincular.es\/?page_id=14"},"modified":"2021-07-10T15:06:46","modified_gmt":"2021-07-10T13:06:46","slug":"accueil","status":"publish","type":"page","link":"https:\/\/vincular.es\/","title":{"rendered":"Restaurante"},"content":{"rendered":"\n<p><strong>Cocina de temporada, fresca, local y moderna con un toque especial.<\/strong><\/p>\n\n\n\n<p>En <em>Vincular<\/em> tratamos de trabajar principalmente con productores locales que comparten<br>nuestros valores y el respeto por el medio ambiente. Luc, nuestro chef, est\u00e1 ofreciendo una<br>cocina de inspiraci\u00f3n mundial que marida muy bien con nuestra selecci\u00f3n de vinos<br>naturales de Catalunya. <\/p>\n\n\n\n<p>Encontrar\u00e1s un men\u00fa cambiante para el almuerzo y unas tapas<br>gourmet para compartir por la noche, en un ambiente agradable alejado de la agitaci\u00f3n, disfrutando de una buena comida, un buen vino con buena gente! Nos vemos pronto !<\/p>\n","protected":false},"excerpt":{"rendered":"<p>Cocina de temporada, fresca, local y moderna con un toque especial. En Vincular tratamos de trabajar principalmente con productores locales que compartennuestros valores y el respeto por el medio ambiente. Luc, nuestro chef, est\u00e1 ofreciendo unacocina de inspiraci\u00f3n mundial que marida muy bien con nuestra selecci\u00f3n de vinosnaturales de Catalunya. Encontrar\u00e1s un men\u00fa cambiante para &hellip; <\/p>\n<p class=\"link-more\"><a href=\"https:\/\/vincular.es\/\" class=\"more-link\">Continuar leyendo<span class=\"screen-reader-text\"> \u00abRestaurante\u00bb<\/span><\/a><\/p>\n","protected":false},"author":1,"featured_media":0,"parent":0,"menu_order":0,"comment_status":"closed","ping_status":"closed","template":"","meta":[],"_links":{"self":[{"href":"https:\/\/vincular.es\/index.php?rest_route=\/wp\/v2\/pages\/14"}],"collection":[{"href":"https:\/\/vincular.es\/index.php?rest_route=\/wp\/v2\/pages"}],"about":[{"href":"https:\/\/vincular.es\/index.php?rest_route=\/wp\/v2\/types\/page"}],"author":[{"embeddable":true,"href":"https:\/\/vincular.es\/index.php?rest_route=\/wp\/v2\/users\/1"}],"replies":[{"embeddable":true,"href":"https:\/\/vincular.es\/index.php?rest_route=%2Fwp%2Fv2%2Fcomments&post=14"}],"version-history":[{"count":6,"href":"https:\/\/vincular.es\/index.php?rest_route=\/wp\/v2\/pages\/14\/revisions"}],"predecessor-version":[{"id":88,"href":"https:\/\/vincular.es\/index.php?rest_route=\/wp\/v2\/pages\/14\/revisions\/88"}],"wp:attachment":[{"href":"https:\/\/vincular.es\/index.php?rest_route=%2Fwp%2Fv2%2Fmedia&parent=14"}],"curies":[{"name":"wp","href":"https:\/\/api.w.org\/{rel}","templated":true}]}}