{"id":7,"date":"2021-06-24T18:47:16","date_gmt":"2021-06-24T16:47:16","guid":{"rendered":"http:\/\/vincular.es\/?page_id=7"},"modified":"2021-10-09T20:18:11","modified_gmt":"2021-10-09T18:18:11","slug":"a-propos-de","status":"publish","type":"page","link":"https:\/\/vincular.es\/?page_id=7","title":{"rendered":"\u00bfPor qu\u00e9 vincular?"},"content":{"rendered":"\n<p>Vincular nace de una idea de cuatro amigos Sil<strong><span class=\"has-inline-color has-vivid-red-color\">vi<\/span><\/strong>a, A<strong><span class=\"has-inline-color has-vivid-red-color\">n<\/span><\/strong>ca, <strong><span class=\"has-inline-color has-vivid-red-color\">C<\/span><\/strong>odr<span class=\"has-inline-color has-vivid-red-color\"><strong>u<\/strong><\/span>t y <span class=\"has-inline-color has-vivid-red-color\"><strong>L<\/strong><\/span>uc y que queren darle<br>a Castelldefels otra forma de disfrutar de la comida y del vino.<br>Queremos vincularlo todo: el trabajo de los productores con el chef, los viticultores con tu<br>copa, la comida con el vino, el placer con el respeto al medio ambiente\u2026 \u00a1lo entiendes!<br><\/p>\n\n\n\n<p>En este mundo vertiginoso en el que vivimos, queremos ralentizar un poco el ritmo de las cosas, por qu\u00e9 lo bueno lleva tiempo, as\u00ed que ven y t\u00f3mate un tiempo con nosotros. \u00a1descubre como se vincula todo! <\/p>\n","protected":false},"excerpt":{"rendered":"<p>Vincular nace de una idea de cuatro amigos Silvia, Anca, Codrut y Luc y que queren darlea Castelldefels otra forma de disfrutar de la comida y del vino.Queremos vincularlo todo: el trabajo de los productores con el chef, los viticultores con tucopa, la comida con el vino, el placer con el respeto al medio ambiente\u2026 &hellip; <\/p>\n<p class=\"link-more\"><a href=\"https:\/\/vincular.es\/?page_id=7\" class=\"more-link\">Continuar leyendo<span class=\"screen-reader-text\"> \u00ab\u00bfPor qu\u00e9 vincular?\u00bb<\/span><\/a><\/p>\n","protected":false},"author":1,"featured_media":113,"parent":0,"menu_order":0,"comment_status":"closed","ping_status":"closed","template":"","meta":[],"_links":{"self":[{"href":"https:\/\/vincular.es\/index.php?rest_route=\/wp\/v2\/pages\/7"}],"collection":[{"href":"https:\/\/vincular.es\/index.php?rest_route=\/wp\/v2\/pages"}],"about":[{"href":"https:\/\/vincular.es\/index.php?rest_route=\/wp\/v2\/types\/page"}],"author":[{"embeddable":true,"href":"https:\/\/vincular.es\/index.php?rest_route=\/wp\/v2\/users\/1"}],"replies":[{"embeddable":true,"href":"https:\/\/vincular.es\/index.php?rest_route=%2Fwp%2Fv2%2Fcomments&post=7"}],"version-history":[{"count":4,"href":"https:\/\/vincular.es\/index.php?rest_route=\/wp\/v2\/pages\/7\/revisions"}],"predecessor-version":[{"id":86,"href":"https:\/\/vincular.es\/index.php?rest_route=\/wp\/v2\/pages\/7\/revisions\/86"}],"wp:featuredmedia":[{"embeddable":true,"href":"https:\/\/vincular.es\/index.php?rest_route=\/wp\/v2\/media\/113"}],"wp:attachment":[{"href":"https:\/\/vincular.es\/index.php?rest_route=%2Fwp%2Fv2%2Fmedia&parent=7"}],"curies":[{"name":"wp","href":"https:\/\/api.w.org\/{rel}","templated":true}]}}